{"id":167,"date":"2019-11-28T15:45:18","date_gmt":"2019-11-28T20:45:18","guid":{"rendered":"https:\/\/notes.math.ca\/?page_id=167"},"modified":"2020-01-29T14:43:19","modified_gmt":"2020-01-29T19:43:19","slug":"a-propos-des-notes-de-la-smc","status":"publish","type":"page","link":"https:\/\/notes.math.ca\/fr\/a-propos-des-notes-de-la-smc\/","title":{"rendered":"\u00c0 propos des Notes de la SMC"},"content":{"rendered":"\t\t<div data-elementor-type=\"wp-page\" data-elementor-id=\"167\" class=\"elementor elementor-167 elementor-164\" data-elementor-post-type=\"page\">\n\t\t\t\t\t\t<section class=\"elementor-section elementor-top-section elementor-element elementor-element-b38dc48 elementor-section-boxed elementor-section-height-default elementor-section-height-default\" data-id=\"b38dc48\" data-element_type=\"section\">\n\t\t\t\t\t\t<div class=\"elementor-container elementor-column-gap-default\">\n\t\t\t\t\t<div class=\"elementor-column elementor-col-100 elementor-top-column elementor-element elementor-element-c2242d2\" data-id=\"c2242d2\" data-element_type=\"column\">\n\t\t\t<div class=\"elementor-widget-wrap elementor-element-populated\">\n\t\t\t\t\t\t<div class=\"elementor-element elementor-element-4bc60fb elementor-widget elementor-widget-text-editor\" data-id=\"4bc60fb\" data-element_type=\"widget\" data-widget_type=\"text-editor.default\">\n\t\t\t\t<div class=\"elementor-widget-container\">\n\t\t\t\t\t\t\t\t\t<p><em>Notes de la SMC<\/em> est le bulletin officiel de la Soci\u00e9t\u00e9 math\u00e9matique du Canada. Il est un important moyen de communication entre la Soci\u00e9t\u00e9, ses membres, et la communaut\u00e9 math\u00e9matique au Canada.<\/p><p>Il comprend les articles qui traitent de la recherche, de l\u2019\u00e9ducation, des r\u00e9unions et des conf\u00e9rences math\u00e9matiques, les comptes rendus, un calendrier d\u2019\u00e9v\u00e8nements, les annonces des prix, les appels de mises en candidature et de propositions, les nouvelles des d\u00e9partements universitaires et d\u2019autres instituts math\u00e9matiques et les offres d\u2019emplois. L\u2019\u00e9quipe \u00e9ditoriale vous invite \u00e0 soumettre vos commentaires, vos suggestions et vos textes.<\/p><p>Le bulletin de la Soci\u00e9t\u00e9 math\u00e9matique du Canada, <em>Notes de la SMC<\/em>, est une publication \u00e9lectronique qui para\u00eet 6 fois l\u2019an (f\u00e9vrier, mars\/avril, juin, septembre, octobre\/novembre et d\u00e9cembre). Veuillez consulter les dates limites pour la soumission du contenu pour chaque num\u00e9ro <a href=\"https:\/\/notes.math.ca\/fr\/dates-limites\/\">ici<\/a>.<\/p>\t\t\t\t\t\t\t\t<\/div>\n\t\t\t\t<\/div>\n\t\t\t\t\t<\/div>\n\t\t<\/div>\n\t\t\t\t\t<\/div>\n\t\t<\/section>\n\t\t\t\t<\/div>\n\t\t","protected":false},"excerpt":{"rendered":"<p>Notes de la SMC est le bulletin officiel de la Soci\u00e9t\u00e9 math\u00e9matique du Canada. Il est un important moyen de communication entre la Soci\u00e9t\u00e9, ses membres, et la communaut\u00e9 math\u00e9matique au Canada. Il comprend les articles qui traitent de la recherche, de l\u2019\u00e9ducation, des r\u00e9unions et des conf\u00e9rences math\u00e9matiques, les comptes rendus, un calendrier d\u2019\u00e9v\u00e8nements, &#8230; <a title=\"\u00c0 propos des Notes de la SMC\" class=\"read-more\" href=\"https:\/\/notes.math.ca\/fr\/a-propos-des-notes-de-la-smc\/\" aria-label=\"En savoir plus sur \u00c0 propos des Notes de la SMC\">Lire la suite<\/a><\/p>\n","protected":false},"author":3,"featured_media":0,"parent":0,"menu_order":0,"comment_status":"closed","ping_status":"closed","template":"","meta":{"footnotes":""},"class_list":["post-167","page","type-page","status-publish"],"_links":{"self":[{"href":"https:\/\/notes.math.ca\/fr\/wp-json\/wp\/v2\/pages\/167","targetHints":{"allow":["GET"]}}],"collection":[{"href":"https:\/\/notes.math.ca\/fr\/wp-json\/wp\/v2\/pages"}],"about":[{"href":"https:\/\/notes.math.ca\/fr\/wp-json\/wp\/v2\/types\/page"}],"author":[{"embeddable":true,"href":"https:\/\/notes.math.ca\/fr\/wp-json\/wp\/v2\/users\/3"}],"replies":[{"embeddable":true,"href":"https:\/\/notes.math.ca\/fr\/wp-json\/wp\/v2\/comments?post=167"}],"version-history":[{"count":3,"href":"https:\/\/notes.math.ca\/fr\/wp-json\/wp\/v2\/pages\/167\/revisions"}],"predecessor-version":[{"id":2365,"href":"https:\/\/notes.math.ca\/fr\/wp-json\/wp\/v2\/pages\/167\/revisions\/2365"}],"wp:attachment":[{"href":"https:\/\/notes.math.ca\/fr\/wp-json\/wp\/v2\/media?parent=167"}],"curies":[{"name":"wp","href":"https:\/\/api.w.org\/{rel}","templated":true}]}}