{"id":212,"date":"2019-11-28T16:35:52","date_gmt":"2019-11-28T21:35:52","guid":{"rendered":"https:\/\/notes.math.ca\/?page_id=212"},"modified":"2020-01-16T20:28:27","modified_gmt":"2020-01-17T01:28:27","slug":"lettres-aux-editeurs","status":"publish","type":"page","link":"https:\/\/notes.math.ca\/fr\/lettres-aux-editeurs\/","title":{"rendered":"Lettres aux r\u00e9dacteurs"},"content":{"rendered":"\t\t<div data-elementor-type=\"wp-page\" data-elementor-id=\"212\" class=\"elementor elementor-212 elementor-189\" data-elementor-post-type=\"page\">\n\t\t\t\t\t\t<section class=\"elementor-section elementor-top-section elementor-element elementor-element-ecf81e6 elementor-section-boxed elementor-section-height-default elementor-section-height-default\" data-id=\"ecf81e6\" data-element_type=\"section\">\n\t\t\t\t\t\t<div class=\"elementor-container elementor-column-gap-default\">\n\t\t\t\t\t<div class=\"elementor-column elementor-col-100 elementor-top-column elementor-element elementor-element-b432605\" data-id=\"b432605\" data-element_type=\"column\">\n\t\t\t<div class=\"elementor-widget-wrap elementor-element-populated\">\n\t\t\t\t\t\t<div class=\"elementor-element elementor-element-1f8ee07 elementor-widget elementor-widget-text-editor\" data-id=\"1f8ee07\" data-element_type=\"widget\" data-widget_type=\"text-editor.default\">\n\t\t\t\t<div class=\"elementor-widget-container\">\n\t\t\t\t\t\t\t\t\t<p>Les r\u00e9dacteurs et les r\u00e9dactrices des <em>Notes de la SMC<\/em> acceptent les lettres en fran\u00e7ais ou en anglais portant sur n&rsquo;importe quel sujet d&rsquo;int\u00e9r\u00eat math\u00e9matique, mais ils se r\u00e9servent le droit de les comprimer.\u00a0 Les lettres accept\u00e9s para\u00eetront dans la langue soumise.<\/p><p>Le lectorat peut nous joindre au bureau administratif de la SMC par courriel au <a href=\"mailto:notes-lettres@smc.math.ca\">notes-lettres@smc.math.ca<\/a>.<\/p>\t\t\t\t\t\t\t\t<\/div>\n\t\t\t\t<\/div>\n\t\t\t\t\t<\/div>\n\t\t<\/div>\n\t\t\t\t\t<\/div>\n\t\t<\/section>\n\t\t\t\t<\/div>\n\t\t","protected":false},"excerpt":{"rendered":"<p>Les r\u00e9dacteurs et les r\u00e9dactrices des Notes de la SMC acceptent les lettres en fran\u00e7ais ou en anglais portant sur n&rsquo;importe quel sujet d&rsquo;int\u00e9r\u00eat math\u00e9matique, mais ils se r\u00e9servent le droit de les comprimer.\u00a0 Les lettres accept\u00e9s para\u00eetront dans la langue soumise. Le lectorat peut nous joindre au bureau administratif de la SMC par courriel &#8230; <a title=\"Lettres aux r\u00e9dacteurs\" class=\"read-more\" href=\"https:\/\/notes.math.ca\/fr\/lettres-aux-editeurs\/\" aria-label=\"En savoir plus sur Lettres aux r\u00e9dacteurs\">Lire la suite<\/a><\/p>\n","protected":false},"author":3,"featured_media":0,"parent":0,"menu_order":0,"comment_status":"closed","ping_status":"closed","template":"","meta":{"footnotes":""},"class_list":["post-212","page","type-page","status-publish"],"_links":{"self":[{"href":"https:\/\/notes.math.ca\/fr\/wp-json\/wp\/v2\/pages\/212","targetHints":{"allow":["GET"]}}],"collection":[{"href":"https:\/\/notes.math.ca\/fr\/wp-json\/wp\/v2\/pages"}],"about":[{"href":"https:\/\/notes.math.ca\/fr\/wp-json\/wp\/v2\/types\/page"}],"author":[{"embeddable":true,"href":"https:\/\/notes.math.ca\/fr\/wp-json\/wp\/v2\/users\/3"}],"replies":[{"embeddable":true,"href":"https:\/\/notes.math.ca\/fr\/wp-json\/wp\/v2\/comments?post=212"}],"version-history":[{"count":8,"href":"https:\/\/notes.math.ca\/fr\/wp-json\/wp\/v2\/pages\/212\/revisions"}],"predecessor-version":[{"id":1130,"href":"https:\/\/notes.math.ca\/fr\/wp-json\/wp\/v2\/pages\/212\/revisions\/1130"}],"wp:attachment":[{"href":"https:\/\/notes.math.ca\/fr\/wp-json\/wp\/v2\/media?parent=212"}],"curies":[{"name":"wp","href":"https:\/\/api.w.org\/{rel}","templated":true}]}}