{"id":218,"date":"2019-11-28T16:40:14","date_gmt":"2019-11-28T21:40:14","guid":{"rendered":"https:\/\/notes.math.ca\/?page_id=218"},"modified":"2024-01-31T13:22:14","modified_gmt":"2024-01-31T18:22:14","slug":"dates-limites","status":"publish","type":"page","link":"https:\/\/notes.math.ca\/fr\/dates-limites\/","title":{"rendered":"Dates limites"},"content":{"rendered":"\t\t<div data-elementor-type=\"wp-page\" data-elementor-id=\"218\" class=\"elementor elementor-218 elementor-194\" data-elementor-post-type=\"page\">\n\t\t\t\t\t\t<section class=\"elementor-section elementor-top-section elementor-element elementor-element-8ad3d83 elementor-section-boxed elementor-section-height-default elementor-section-height-default\" data-id=\"8ad3d83\" data-element_type=\"section\">\n\t\t\t\t\t\t<div class=\"elementor-container elementor-column-gap-default\">\n\t\t\t\t\t<div class=\"elementor-column elementor-col-100 elementor-top-column elementor-element elementor-element-4a5d34e\" data-id=\"4a5d34e\" data-element_type=\"column\">\n\t\t\t<div class=\"elementor-widget-wrap elementor-element-populated\">\n\t\t\t\t\t\t<div class=\"elementor-element elementor-element-5cb658d elementor-widget elementor-widget-text-editor\" data-id=\"5cb658d\" data-element_type=\"widget\" data-widget_type=\"text-editor.default\">\n\t\t\t\t<div class=\"elementor-widget-container\">\n\t\t\t\t\t\t\t\t\t<div id=\"abody\"><p><span class=\"tlid-translation translation\" lang=\"fr\"><span class=\"\" title=\"\">Les dates limites pour la r\u00e9ception de mat\u00e9riel ou d&rsquo;articles aux <em>Notes de la SMC<\/em> sont les suivantes :<\/span><\/span><\/p><div><table><tbody><tr><th>Tome 56 (2024), mois<\/th><th>Date limite<\/th><\/tr><tr><td>1. <i>F\u00e9vrier<\/i><\/td><td>16 d\u00e9cembre<\/td><\/tr><tr><td>2. <i>Mars\/avril<\/i><\/td><td>13 f\u00e9vrier<\/td><\/tr><tr><td>3. <i>Juin<\/i><\/td><td>24 avril<\/td><\/tr><tr><td>4. <i>Septembre<\/i><\/td><td>19 juillet<\/td><\/tr><tr><td>5. <i>Octobre\/novembre<\/i><\/td><td>26 ao\u00fbt<\/td><\/tr><tr><td>6. <i>D\u00e9cembre<\/i><\/td><td>14 octobre<\/td><\/tr><\/tbody><\/table><\/div><p>Courriel: <a href=\"mailto:notes@smc.math.ca\">notes@smc.math.ca<\/a><\/p><\/div>\t\t\t\t\t\t\t\t<\/div>\n\t\t\t\t<\/div>\n\t\t\t\t\t<\/div>\n\t\t<\/div>\n\t\t\t\t\t<\/div>\n\t\t<\/section>\n\t\t\t\t<\/div>\n\t\t","protected":false},"excerpt":{"rendered":"<p>Les dates limites pour la r\u00e9ception de mat\u00e9riel ou d&rsquo;articles aux Notes de la SMC sont les suivantes : Tome 56 (2024), mois Date limite 1. F\u00e9vrier 16 d\u00e9cembre 2. Mars\/avril 13 f\u00e9vrier 3. Juin 24 avril 4. Septembre 19 juillet 5. Octobre\/novembre 26 ao\u00fbt 6. D\u00e9cembre 14 octobre Courriel: notes@smc.math.ca<\/p>\n","protected":false},"author":3,"featured_media":0,"parent":0,"menu_order":0,"comment_status":"closed","ping_status":"closed","template":"","meta":{"footnotes":""},"class_list":["post-218","page","type-page","status-publish"],"_links":{"self":[{"href":"https:\/\/notes.math.ca\/fr\/wp-json\/wp\/v2\/pages\/218","targetHints":{"allow":["GET"]}}],"collection":[{"href":"https:\/\/notes.math.ca\/fr\/wp-json\/wp\/v2\/pages"}],"about":[{"href":"https:\/\/notes.math.ca\/fr\/wp-json\/wp\/v2\/types\/page"}],"author":[{"embeddable":true,"href":"https:\/\/notes.math.ca\/fr\/wp-json\/wp\/v2\/users\/3"}],"replies":[{"embeddable":true,"href":"https:\/\/notes.math.ca\/fr\/wp-json\/wp\/v2\/comments?post=218"}],"version-history":[{"count":14,"href":"https:\/\/notes.math.ca\/fr\/wp-json\/wp\/v2\/pages\/218\/revisions"}],"predecessor-version":[{"id":17076,"href":"https:\/\/notes.math.ca\/fr\/wp-json\/wp\/v2\/pages\/218\/revisions\/17076"}],"wp:attachment":[{"href":"https:\/\/notes.math.ca\/fr\/wp-json\/wp\/v2\/media?parent=218"}],"curies":[{"name":"wp","href":"https:\/\/api.w.org\/{rel}","templated":true}]}}