{"id":229,"date":"2019-11-28T16:44:18","date_gmt":"2019-11-28T21:44:18","guid":{"rendered":"https:\/\/notes.math.ca\/?page_id=229"},"modified":"2020-01-13T15:06:23","modified_gmt":"2020-01-13T20:06:23","slug":"autorisation-ecrite-et-copyright","status":"publish","type":"page","link":"https:\/\/notes.math.ca\/fr\/autorisation-ecrite-et-copyright\/","title":{"rendered":"Autorisation \u00e9crite et copyright"},"content":{"rendered":"\t\t<div data-elementor-type=\"wp-page\" data-elementor-id=\"229\" class=\"elementor elementor-229 elementor-204\" data-elementor-post-type=\"page\">\n\t\t\t\t\t\t<section class=\"elementor-section elementor-top-section elementor-element elementor-element-82afbe9 elementor-section-boxed elementor-section-height-default elementor-section-height-default\" data-id=\"82afbe9\" data-element_type=\"section\">\n\t\t\t\t\t\t<div class=\"elementor-container elementor-column-gap-default\">\n\t\t\t\t\t<div class=\"elementor-column elementor-col-100 elementor-top-column elementor-element elementor-element-f9ea809\" data-id=\"f9ea809\" data-element_type=\"column\">\n\t\t\t<div class=\"elementor-widget-wrap elementor-element-populated\">\n\t\t\t\t\t\t<div class=\"elementor-element elementor-element-98892f5 elementor-widget elementor-widget-text-editor\" data-id=\"98892f5\" data-element_type=\"widget\" data-widget_type=\"text-editor.default\">\n\t\t\t\t<div class=\"elementor-widget-container\">\n\t\t\t\t\t\t\t\t\t<p>Le suivant applique aux publications en ligne et copie imprim\u00e9.<\/p>\t\t\t\t\t\t\t\t<\/div>\n\t\t\t\t<\/div>\n\t\t\t\t<div class=\"elementor-element elementor-element-b993aff elementor-widget elementor-widget-heading\" data-id=\"b993aff\" data-element_type=\"widget\" data-widget_type=\"heading.default\">\n\t\t\t\t<div class=\"elementor-widget-container\">\n\t\t\t\t\t<h2 class=\"elementor-heading-title elementor-size-default\">Copyright<\/h2>\t\t\t\t<\/div>\n\t\t\t\t<\/div>\n\t\t\t\t<div class=\"elementor-element elementor-element-2f2d09a elementor-widget elementor-widget-text-editor\" data-id=\"2f2d09a\" data-element_type=\"widget\" data-widget_type=\"text-editor.default\">\n\t\t\t\t<div class=\"elementor-widget-container\">\n\t\t\t\t\t\t\t\t\t<div class=\"QmZWSe\"><div class=\"DHcWmd\">La Soci\u00e9t\u00e9 math\u00e9matique du Canada autorise les lecteurs individuel.le.s de ces publications \u00e0 copier des<\/div><div class=\"DHcWmd\"><span lang=\"fr\">articles pour leur usage personnel et priv\u00e9. Tous les autres droits sont r\u00e9serv\u00e9s.<\/span><\/div><div>\u00a0<\/div><\/div>\t\t\t\t\t\t\t\t<\/div>\n\t\t\t\t<\/div>\n\t\t\t\t\t<\/div>\n\t\t<\/div>\n\t\t\t\t\t<\/div>\n\t\t<\/section>\n\t\t\t\t<section class=\"elementor-section elementor-top-section elementor-element elementor-element-0401bd0 elementor-section-boxed elementor-section-height-default elementor-section-height-default\" data-id=\"0401bd0\" data-element_type=\"section\">\n\t\t\t\t\t\t<div class=\"elementor-container elementor-column-gap-default\">\n\t\t\t\t\t<div class=\"elementor-column elementor-col-100 elementor-top-column elementor-element elementor-element-20a48ce\" data-id=\"20a48ce\" data-element_type=\"column\">\n\t\t\t<div class=\"elementor-widget-wrap elementor-element-populated\">\n\t\t\t\t\t\t<div class=\"elementor-element elementor-element-4a947e8 elementor-widget elementor-widget-heading\" data-id=\"4a947e8\" data-element_type=\"widget\" data-widget_type=\"heading.default\">\n\t\t\t\t<div class=\"elementor-widget-container\">\n\t\t\t\t\t<h2 class=\"elementor-heading-title elementor-size-default\">Autorisation \u00e9crite<\/h2>\t\t\t\t<\/div>\n\t\t\t\t<\/div>\n\t\t\t\t<div class=\"elementor-element elementor-element-143dac1 elementor-widget elementor-widget-text-editor\" data-id=\"143dac1\" data-element_type=\"widget\" data-widget_type=\"text-editor.default\">\n\t\t\t\t<div class=\"elementor-widget-container\">\n\t\t\t\t\t\t\t\t\t<p><span class=\"tlid-translation translation\" lang=\"fr\"><span class=\"\" title=\"\">Aucune autre distribution de ces documents ou articles n&rsquo;est autoris\u00e9e sans la permission \u00e9crite de la Soci\u00e9t\u00e9 math\u00e9matique du Canada (SMC).<\/span> <span class=\"\" title=\"\">Les enseignant.e.s souhaitant utiliser ces documents ou articles sont encourag\u00e9s \u00e0 contacter la SMC pour obtenir leur autorisation.<\/span><\/span><\/p><p>Autorisation pour usage et distribution peut \u00eatre demand\u00e9 en contactant :<\/p><div><p><b>R\u00e9dactrice-g\u00e9rante<\/b><br \/>Soci\u00e9t\u00e9 math\u00e9matique du Canada<br \/>209 &#8211; 1725 boul. St. Laurent<br \/>Ottawa (Ontario)\u00a0 K1G 3V4<br \/>Canada<\/p><p>Courriel: <a href=\"mailto:redacteur-gerant@smc.math.ca\">redacteur-gerant@smc.math.ca<\/a><\/p><\/div>\t\t\t\t\t\t\t\t<\/div>\n\t\t\t\t<\/div>\n\t\t\t\t\t<\/div>\n\t\t<\/div>\n\t\t\t\t\t<\/div>\n\t\t<\/section>\n\t\t\t\t<\/div>\n\t\t","protected":false},"excerpt":{"rendered":"<p>Le suivant applique aux publications en ligne et copie imprim\u00e9. Copyright La Soci\u00e9t\u00e9 math\u00e9matique du Canada autorise les lecteurs individuel.le.s de ces publications \u00e0 copier desarticles pour leur usage personnel et priv\u00e9. Tous les autres droits sont r\u00e9serv\u00e9s.\u00a0 Autorisation \u00e9crite Aucune autre distribution de ces documents ou articles n&rsquo;est autoris\u00e9e sans la permission \u00e9crite de &#8230; <a title=\"Autorisation \u00e9crite et copyright\" class=\"read-more\" href=\"https:\/\/notes.math.ca\/fr\/autorisation-ecrite-et-copyright\/\" aria-label=\"En savoir plus sur Autorisation \u00e9crite et copyright\">Lire la suite<\/a><\/p>\n","protected":false},"author":3,"featured_media":0,"parent":0,"menu_order":0,"comment_status":"closed","ping_status":"closed","template":"","meta":{"footnotes":""},"class_list":["post-229","page","type-page","status-publish"],"_links":{"self":[{"href":"https:\/\/notes.math.ca\/fr\/wp-json\/wp\/v2\/pages\/229","targetHints":{"allow":["GET"]}}],"collection":[{"href":"https:\/\/notes.math.ca\/fr\/wp-json\/wp\/v2\/pages"}],"about":[{"href":"https:\/\/notes.math.ca\/fr\/wp-json\/wp\/v2\/types\/page"}],"author":[{"embeddable":true,"href":"https:\/\/notes.math.ca\/fr\/wp-json\/wp\/v2\/users\/3"}],"replies":[{"embeddable":true,"href":"https:\/\/notes.math.ca\/fr\/wp-json\/wp\/v2\/comments?post=229"}],"version-history":[{"count":9,"href":"https:\/\/notes.math.ca\/fr\/wp-json\/wp\/v2\/pages\/229\/revisions"}],"predecessor-version":[{"id":707,"href":"https:\/\/notes.math.ca\/fr\/wp-json\/wp\/v2\/pages\/229\/revisions\/707"}],"wp:attachment":[{"href":"https:\/\/notes.math.ca\/fr\/wp-json\/wp\/v2\/media?parent=229"}],"curies":[{"name":"wp","href":"https:\/\/api.w.org\/{rel}","templated":true}]}}